{"id":307,"date":"2024-10-28T19:15:00","date_gmt":"2024-10-28T18:15:00","guid":{"rendered":"http:\/\/www.see-infos.de\/?page_id=307"},"modified":"2026-01-11T14:24:44","modified_gmt":"2026-01-11T13:24:44","slug":"ferienwohnungen-bodensee","status":"publish","type":"page","link":"http:\/\/see-infos.de\/?page_id=307","title":{"rendered":"Ferienwohnungen Bodensee"},"content":{"rendered":"<p><strong>atraveo: Ferienwohnungen und Ferienh\u00e4user f\u00fcr Ihren Traumurlaub<\/strong><br \/>\nBei atraveo beginnt der Urlaub schon mit der Planung. Ob Sie eine Ferienwohnung oder ein Ferienhaus buchen wollen \u2013 nichts macht mehr Spa\u00df, als von Zuhause aus in unserem Ferienhausmarkt im Internet nach der idealen Unterkunft f\u00fcr den perfekten Urlaub zu suchen. Einfach und \u00fcbersichtlich sind die Seiten gestaltet und machen so Lust auf Meer und Berge, auf Strand- oder Wanderurlaub, auf Ski-oder St\u00e4dtereise.  See-Infos.de kooperiert mit Atraveo, einer Marke von e-domizil.<\/p>\n<p>Die Seite wird derzeit \u00fcberarbeitet.<\/p>\n<p><script type=\"text\/javascript\" src=\"http:\/\/p490.atraveo.com\/index.php?controller=partnerintegration&amp;action=default&amp;art=search&amp;width=900&amp;height=1000&amp;landiso=DE&amp;regionid=78&amp;lg=de&amp;cur=EUR&amp;versionname=Bodensee_ibe5\"><\/script><\/p>\n<div class=\"twoclick_social_bookmarks_post_307 social_share_privacy clearfix 1.6.4 locale-de_DE sprite-de_DE\"><\/div><div class=\"twoclick-js\"><script type=\"text\/javascript\">\/* <![CDATA[ *\/\njQuery(document).ready(function($){if($('.twoclick_social_bookmarks_post_307')){$('.twoclick_social_bookmarks_post_307').socialSharePrivacy({\"services\":{\"twitter\":{\"reply_to\":\"\",\"tweet_text\":\"Ferienwohnungen%20Bodensee%20%C2%BB%20See-Infos.de\",\"status\":\"on\",\"txt_info\":\"2 Klicks f\\u00fcr mehr Datenschutz: Erst wenn Sie hier klicken, wird der Button aktiv und Sie k\\u00f6nnen Ihre Empfehlung an Twitter senden. Schon beim Aktivieren werden Daten an Dritte \\u00fcbertragen - siehe <em>i<\\\/em>.\",\"perma_option\":\"off\",\"language\":\"de\",\"referrer_track\":\"\"},\"gplus\":{\"status\":\"on\",\"txt_info\":\"2 Klicks f\\u00fcr mehr Datenschutz: Erst wenn Sie hier klicken, wird der Button aktiv und Sie k\\u00f6nnen Ihre Empfehlung an Google+ senden. Schon beim Aktivieren werden Daten an Dritte \\u00fcbertragen - siehe <em>i<\\\/em>.\",\"perma_option\":\"off\",\"referrer_track\":\"\"},\"xing\":{\"status\":\"on\",\"txt_info\":\"2 Klicks f\\u00fcr mehr Datenschutz: Erst wenn Sie hier klicken, wird der Button aktiv und Sie k\\u00f6nnen Ihre Empfehlung an Xing senden. Schon beim Aktivieren werden Daten an Dritte \\u00fcbertragen - siehe <em>i<\\\/em>.\",\"perma_option\":\"off\",\"language\":\"de\",\"referrer_track\":\"\"},\"linkedin\":{\"status\":\"on\",\"txt_info\":\"2 Klicks f\\u00fcr mehr Datenschutz: Erst wenn Sie hier klicken, wird der Button aktiv und Sie k\\u00f6nnen Ihre Empfehlung an LinkedIn senden. Schon beim Aktivieren werden Daten an Dritte \\u00fcbertragen - siehe <em>i<\\\/em>.\",\"perma_option\":\"off\"}},\"txt_help\":\"Wenn Sie diese Felder durch einen Klick aktivieren, werden Informationen an Facebook, Twitter, Flattr, Xing, t3n, LinkedIn, Pinterest oder Google eventuell ins Ausland \\u00fcbertragen und unter Umst\\u00e4nden auch dort gespeichert. N\\u00e4heres erfahren Sie durch einen Klick auf das <em>i<\\\/em>.\",\"settings_perma\":\"Dauerhaft aktivieren und Daten\\u00fcber-tragung zustimmen:\",\"info_link\":\"http:\\\/\\\/www.heise.de\\\/ct\\\/artikel\\\/2-Klicks-fuer-mehr-Datenschutz-1333879.html\",\"uri\":\"http:\\\/\\\/see-infos.de\\\/?page_id=307\",\"post_id\":307,\"post_title_referrer_track\":\"Ferienwohnungen+Bodensee\",\"display_infobox\":\"on\"});}});\n\/* ]]> *\/<\/script><\/div>","protected":false},"excerpt":{"rendered":"<p>atraveo: Ferienwohnungen und Ferienh\u00e4user f\u00fcr Ihren Traumurlaub Bei atraveo beginnt der Urlaub schon mit der Planung. Ob Sie eine Ferienwohnung oder ein Ferienhaus buchen wollen \u2013 nichts macht mehr Spa\u00df, als von Zuhause aus in unserem Ferienhausmarkt im Internet nach der idealen Unterkunft f\u00fcr den perfekten Urlaub zu suchen. Einfach und \u00fcbersichtlich sind die Seiten [&hellip;]<\/p>\n","protected":false},"author":1,"featured_media":22642,"parent":0,"menu_order":1,"comment_status":"open","ping_status":"closed","template":"tpl-nosidebar.php","meta":[],"_links":{"self":[{"href":"http:\/\/see-infos.de\/index.php?rest_route=\/wp\/v2\/pages\/307"}],"collection":[{"href":"http:\/\/see-infos.de\/index.php?rest_route=\/wp\/v2\/pages"}],"about":[{"href":"http:\/\/see-infos.de\/index.php?rest_route=\/wp\/v2\/types\/page"}],"author":[{"embeddable":true,"href":"http:\/\/see-infos.de\/index.php?rest_route=\/wp\/v2\/users\/1"}],"replies":[{"embeddable":true,"href":"http:\/\/see-infos.de\/index.php?rest_route=%2Fwp%2Fv2%2Fcomments&post=307"}],"version-history":[{"count":1,"href":"http:\/\/see-infos.de\/index.php?rest_route=\/wp\/v2\/pages\/307\/revisions"}],"predecessor-version":[{"id":27348,"href":"http:\/\/see-infos.de\/index.php?rest_route=\/wp\/v2\/pages\/307\/revisions\/27348"}],"wp:featuredmedia":[{"embeddable":true,"href":"http:\/\/see-infos.de\/index.php?rest_route=\/wp\/v2\/media\/22642"}],"wp:attachment":[{"href":"http:\/\/see-infos.de\/index.php?rest_route=%2Fwp%2Fv2%2Fmedia&parent=307"}],"curies":[{"name":"wp","href":"https:\/\/api.w.org\/{rel}","templated":true}]}}