{"id":22,"date":"2022-03-23T17:17:40","date_gmt":"2022-03-23T16:17:40","guid":{"rendered":"http:\/\/www.see-infos.de\/?page_id=22"},"modified":"2023-02-20T08:45:51","modified_gmt":"2023-02-20T07:45:51","slug":"veranstaltungen-am-bodensee","status":"publish","type":"page","link":"http:\/\/see-infos.de\/?page_id=22","title":{"rendered":"Veranstaltungen am Bodensee"},"content":{"rendered":"<h3>Aktuelle Veranstaltungskalender f\u00fcr den Bodensee <\/h3>\n<p>Hier klicken f\u00fcr Veranstaltungen <IMG src=\"http:\/\/www.schechler.com\/see-infos\/wp-content\/uploads\/2013\/03\/flag_deutschland.jpg\"> im Bodenseekreis (<a href=\"http:\/\/www.see-infos.de\/?page_id=23\" title=\"Veranstaltungskalender Friedrichshafen\">Friedrichshafen<\/a>, <a href=\"http:\/\/www.see-infos.de\/?page_id=30\" title=\"Veranstaltungskalender Markdorf\">Markdorf<\/a>, <a href=\"http:\/\/www.see-infos.de\/?page_id=32\" title=\"Veranstaltungskalender Meersburg\">Meersburg<\/a>, <a href=\"http:\/\/www.see-infos.de\/?page_id=3697\">Singen<\/a>, <a href=\"http:\/\/www.see-infos.de\/?page_id=34\" title=\"Veranstaltungskalender \u00dcberlingen\">\u00dcberlingen<\/a>), in <a href=\"http:\/\/www.see-infos.de\/?page_id=36\" title=\"Veranstaltungskalender Konstanz\">Konstanz <\/a>(Konstanz) , <a href=\"http:\/\/www.see-infos.de\/?page_id=38\" title=\"Veranstaltungskalender Lindau\">Lindau <\/a>(Lindau), am <a href=\"http:\/\/portal.toubiz.de\/untersee\/event\/\" title=\"Veranstaltungskalender Untersee\" target=\"_blank\" rel=\"noopener noreferrer\">Untersee <\/a>(Alle Orte am Untersee, externer Link), <IMG src=\"http:\/\/www.schechler.com\/see-infos\/wp-content\/uploads\/2013\/03\/flag_oesterreich.jpg\"> \u00d6sterreich (<a href=\"http:\/\/www.see-infos.de\/?page_id=41\" title=\"Veranstaltungskalender Bregenz\">Bregenz<\/a>)  und der <IMG src=\"http:\/\/www.schechler.com\/see-infos\/wp-content\/uploads\/2013\/03\/flag_schweiz.jpg\"> Schweiz (<a href=\"http:\/\/www.see-infos.de\/?page_id=43\" title=\"Veranstaltungskalender St.Gallen\">St.Gallen<\/a>). <\/p>\n<h3>Neues aus Stuttgart<\/h3>\n<p><b>Infos unserer Schwesterseite N-News.de<\/b><\/p>\n<p><!-- start feedwind code --><script type=\"text\/javascript\">document.write('\\x3Cscript type=\"text\/javascript\" src=\"' + ('https:' == document.location.protocol ? 'https:\/\/' : 'http:\/\/') + 'feed.mikle.com\/js\/rssmikle.js\">\\x3C\/script>');<\/script><script type=\"text\/javascript\">(function() {var params = {rssmikle_url: \"http:\/\/www.n-news.de\/?cat=1&feed=rss2\",rssmikle_frame_width: \"600\",rssmikle_frame_height: \"400\",frame_height_by_article: \"5\",rssmikle_target: \"_blank\",rssmikle_font: \"Arial, Helvetica, sans-serif\",rssmikle_font_size: \"12\",rssmikle_border: \"off\",responsive: \"off\",rssmikle_css_url: \"\",text_align: \"left\",text_align2: \"left\",corner: \"off\",scrollbar: \"on\",autoscroll: \"off\",scrolldirection: \"up\",scrollstep: \"3\",mcspeed: \"20\",sort: \"Off\",rssmikle_title: \"on\",rssmikle_title_sentence: \"N-News.de | Die verlagsunabh\u00e4ngige Stuttgarter Onlinezeitung.\",rssmikle_title_link: \"http:\/\/www.n-news.de\",rssmikle_title_bgcolor: \"#000000\",rssmikle_title_color: \"#FFFFFF\",rssmikle_title_bgimage: \"\",rssmikle_item_bgcolor: \"#FFFFFF\",rssmikle_item_bgimage: \"\",rssmikle_item_title_length: \"75\",rssmikle_item_title_color: \"#000000\",rssmikle_item_border_bottom: \"on\",rssmikle_item_description: \"on\",item_link: \"on\",rssmikle_item_description_length: \"700\",rssmikle_item_description_color: \"#666666\",rssmikle_item_date: \"gl1\",rssmikle_timezone: \"Etc\/GMT\",datetime_format: \"%e.%m.%Y %k:%M\",item_description_style: \"text+tn\",item_thumbnail: \"full\",item_thumbnail_selection: \"auto\",article_num: \"15\",rssmikle_item_podcast: \"off\",keyword_inc: \"\",keyword_exc: \"\"};feedwind_show_widget_iframe(params);})();<\/script><\/p>\n<div style=\"font-size:10px; text-align:center; width:600px;\"><a href=\"http:\/\/feed.mikle.com\/\" target=\"_blank\" style=\"color:#CCCCCC;\" rel=\"noopener noreferrer\">RSS Feed Widget<\/a><!--Please display the above link in your web page according to Terms of Service.--><\/div>\n<p><!-- end feedwind code --><\/p>\n<div class=\"twoclick_social_bookmarks_post_22 social_share_privacy clearfix 1.6.4 locale-de_DE sprite-de_DE\"><\/div><div class=\"twoclick-js\"><script type=\"text\/javascript\">\/* <![CDATA[ *\/\njQuery(document).ready(function($){if($('.twoclick_social_bookmarks_post_22')){$('.twoclick_social_bookmarks_post_22').socialSharePrivacy({\"services\":{\"twitter\":{\"reply_to\":\"\",\"tweet_text\":\"Veranstaltungen%20am%20Bodensee%20%C2%BB%20See-Infos.de\",\"status\":\"on\",\"txt_info\":\"2 Klicks f\\u00fcr mehr Datenschutz: Erst wenn Sie hier klicken, wird der Button aktiv und Sie k\\u00f6nnen Ihre Empfehlung an Twitter senden. Schon beim Aktivieren werden Daten an Dritte \\u00fcbertragen - siehe <em>i<\\\/em>.\",\"perma_option\":\"off\",\"language\":\"de\",\"referrer_track\":\"\"},\"gplus\":{\"status\":\"on\",\"txt_info\":\"2 Klicks f\\u00fcr mehr Datenschutz: Erst wenn Sie hier klicken, wird der Button aktiv und Sie k\\u00f6nnen Ihre Empfehlung an Google+ senden. Schon beim Aktivieren werden Daten an Dritte \\u00fcbertragen - siehe <em>i<\\\/em>.\",\"perma_option\":\"off\",\"referrer_track\":\"\"},\"xing\":{\"status\":\"on\",\"txt_info\":\"2 Klicks f\\u00fcr mehr Datenschutz: Erst wenn Sie hier klicken, wird der Button aktiv und Sie k\\u00f6nnen Ihre Empfehlung an Xing senden. Schon beim Aktivieren werden Daten an Dritte \\u00fcbertragen - siehe <em>i<\\\/em>.\",\"perma_option\":\"off\",\"language\":\"de\",\"referrer_track\":\"\"},\"pinterest\":{\"status\":\"on\",\"the_excerpt\":\"Veranstaltungen am Bodensee\",\"txt_info\":\"2 Klicks f\\u00fcr mehr Datenschutz: Erst wenn Sie hier klicken, wird der Button aktiv und Sie k\\u00f6nnen Ihre Empfehlung an Pinterest senden. Schon beim Aktivieren werden Daten an Dritte \\u00fcbertragen - siehe <em>i<\\\/em>.\",\"perma_option\":\"off\",\"media\":\"http:\\\/\\\/see-infos.de\\\/wp-content\\\/uploads\\\/2013\\\/03\\\/DancingQueens.jpg\"},\"linkedin\":{\"status\":\"on\",\"txt_info\":\"2 Klicks f\\u00fcr mehr Datenschutz: Erst wenn Sie hier klicken, wird der Button aktiv und Sie k\\u00f6nnen Ihre Empfehlung an LinkedIn senden. Schon beim Aktivieren werden Daten an Dritte \\u00fcbertragen - siehe <em>i<\\\/em>.\",\"perma_option\":\"off\"}},\"txt_help\":\"Wenn Sie diese Felder durch einen Klick aktivieren, werden Informationen an Facebook, Twitter, Flattr, Xing, t3n, LinkedIn, Pinterest oder Google eventuell ins Ausland \\u00fcbertragen und unter Umst\\u00e4nden auch dort gespeichert. N\\u00e4heres erfahren Sie durch einen Klick auf das <em>i<\\\/em>.\",\"settings_perma\":\"Dauerhaft aktivieren und Daten\\u00fcber-tragung zustimmen:\",\"info_link\":\"http:\\\/\\\/www.heise.de\\\/ct\\\/artikel\\\/2-Klicks-fuer-mehr-Datenschutz-1333879.html\",\"uri\":\"http:\\\/\\\/see-infos.de\\\/?page_id=22\",\"post_id\":22,\"post_title_referrer_track\":\"Veranstaltungen+am+Bodensee\",\"display_infobox\":\"on\"});}});\n\/* ]]> *\/<\/script><\/div>","protected":false},"excerpt":{"rendered":"<p>Aktuelle Veranstaltungskalender f\u00fcr den Bodensee Hier klicken f\u00fcr Veranstaltungen im Bodenseekreis (Friedrichshafen, Markdorf, Meersburg, Singen, \u00dcberlingen), in Konstanz (Konstanz) , Lindau (Lindau), am Untersee (Alle Orte am Untersee, externer Link), \u00d6sterreich (Bregenz) und der Schweiz (St.Gallen). Neues aus Stuttgart Infos unserer Schwesterseite N-News.de RSS Feed Widget<\/p>\n","protected":false},"author":1,"featured_media":26,"parent":0,"menu_order":2,"comment_status":"open","ping_status":"closed","template":"","meta":[],"_links":{"self":[{"href":"http:\/\/see-infos.de\/index.php?rest_route=\/wp\/v2\/pages\/22"}],"collection":[{"href":"http:\/\/see-infos.de\/index.php?rest_route=\/wp\/v2\/pages"}],"about":[{"href":"http:\/\/see-infos.de\/index.php?rest_route=\/wp\/v2\/types\/page"}],"author":[{"embeddable":true,"href":"http:\/\/see-infos.de\/index.php?rest_route=\/wp\/v2\/users\/1"}],"replies":[{"embeddable":true,"href":"http:\/\/see-infos.de\/index.php?rest_route=%2Fwp%2Fv2%2Fcomments&post=22"}],"version-history":[{"count":0,"href":"http:\/\/see-infos.de\/index.php?rest_route=\/wp\/v2\/pages\/22\/revisions"}],"wp:featuredmedia":[{"embeddable":true,"href":"http:\/\/see-infos.de\/index.php?rest_route=\/wp\/v2\/media\/26"}],"wp:attachment":[{"href":"http:\/\/see-infos.de\/index.php?rest_route=%2Fwp%2Fv2%2Fmedia&parent=22"}],"curies":[{"name":"wp","href":"https:\/\/api.w.org\/{rel}","templated":true}]}}